{"id":177,"date":"2022-05-04T19:52:26","date_gmt":"2022-05-04T19:52:26","guid":{"rendered":"https:\/\/www.upadlosci-dymarczyk.pl\/upadlosci\/?page_id=177"},"modified":"2024-10-24T11:41:07","modified_gmt":"2024-10-24T11:41:07","slug":"blog","status":"publish","type":"page","link":"https:\/\/www.upadlosci-dymarczyk.pl\/upadlosci\/blog\/","title":{"rendered":"BLOG"},"content":{"rendered":"<p><a href=\"https:\/\/www.upadlosci-dymarczyk.pl\/upadlosci\/\" target=\"_self\" rel=\"noopener\" data-op-action=\"link\" data-op-popoverlay-trigger=\"none\" data-op-select-funnel-step=\"\" data-op3-smooth-scroll=\"0\"><img decoding=\"async\" title=\"Logo upad\u0142o\u015bci\" src=\"https:\/\/www.upadlosci-dymarczyk.pl\/wp-content\/uploads\/2022\/05\/logo-upadlosci-1-opdb-op5ccad843024dd8-37709811__opdb-op5ccad843024dd8-37709811.png\" alt=\"\" width=\"8300\" height=\"1113\" data-op3-attachment-id=\"68\" \/><\/a><img decoding=\"async\" title=\"tel\" src=\"https:\/\/www.upadlosci-dymarczyk.pl\/wp-content\/uploads\/2022\/05\/tel-opdb-op5ccad843024dd8-37709811__opdb-op5ccad843024dd8-37709811.png\" alt=\"\" width=\"413\" height=\"412\" data-op3-attachment-id=\"72\" \/><\/p>\n<h2>\u00a0<a href=\"Tel: 728 728 169\">728 728 169<\/a><\/h2>\n<p><a class=\"op3-background-ancestor\" href=\"https:\/\/www.upadlosci-dymarczyk.pl\/upadlosci\/#op3-element-TgMWi8vA\" target=\"_self\" rel=\"noopener\" data-op-action=\"link\" data-op-popoverlay-trigger=\"none\" data-op-select-funnel-step=\"\" data-op-animation-trigger=\"none\" data-op-animation-style=\"\" data-op-animation-loop=\"0\" data-op-timer-minutes=\"0\" data-op-timer-seconds=\"0\" data-op3-smooth-scroll=\"1\" data-op-effect-style=\"\" data-op-effect-style-hover=\"\">Etapy upad\u0142o\u015bci<\/a><a class=\"op3-background-ancestor\" href=\"https:\/\/www.upadlosci-dymarczyk.pl\/upadlosci\/#op3-element-rgvciI5n\" target=\"_self\" rel=\"noopener\" data-op-action=\"link\" data-op-popoverlay-trigger=\"none\" data-op-select-funnel-step=\"\" data-op-animation-trigger=\"none\" data-op-animation-style=\"\" data-op-animation-loop=\"0\" data-op-timer-minutes=\"0\" data-op-timer-seconds=\"0\" data-op3-smooth-scroll=\"1\" data-op-effect-style=\"\" data-op-effect-style-hover=\"\">Kim jeste\u015bmy<\/a><a class=\"op3-background-ancestor\" href=\"https:\/\/www.upadlosci-dymarczyk.pl\/upadlosci\/blog\/\" target=\"_self\" rel=\"noopener\" data-op-action=\"link\" data-op-popoverlay-trigger=\"none\" data-op-select-funnel-step=\"\" data-op-animation-trigger=\"none\" data-op-animation-style=\"\" data-op-animation-loop=\"0\" data-op-timer-minutes=\"0\" data-op-timer-seconds=\"0\" data-op3-smooth-scroll=\"1\" data-op-effect-style=\"\" data-op-effect-style-hover=\"\">BLOG<\/a><a class=\"op3-background-ancestor\" href=\"https:\/\/www.upadlosci-dymarczyk.pl\/upadlosci\/#op3-element-NSDiHDdE\" target=\"_self\" rel=\"noopener\" data-op-action=\"link\" data-op-popoverlay-trigger=\"none\" data-op-select-funnel-step=\"\" data-op-animation-trigger=\"none\" data-op-animation-style=\"\" data-op-animation-loop=\"0\" data-op-timer-minutes=\"0\" data-op-timer-seconds=\"0\" data-op3-smooth-scroll=\"1\" data-op-effect-style=\"\" data-op-effect-style-hover=\"\">Kontakt<\/a><\/p>\n<h2>BLOG &#8211; Dowiedz si\u0119 wi\u0119cej<\/h2>\n<p><a href=\"https:\/\/www.upadlosci-dymarczyk.pl\/upadlosci\/kto-moze-oglosic-upadlosc-konsumencka\/\" target=\"_self\" rel=\"noopener\" data-op-action=\"link\" data-op-popoverlay-trigger=\"none\" data-op-select-funnel-step=\"\" data-op3-smooth-scroll=\"0\"><img decoding=\"async\" title=\"Kto mo\u017ce og\u0142osi\u0107 upad\u0142o\u015b\u0107 konsumenck\u0105 2\" src=\"https:\/\/www.upadlosci-dymarczyk.pl\/wp-content\/uploads\/2022\/05\/Kto-moze-oglosic-upadlosc-konsumencka-2.png\" alt=\"\" width=\"1922\" height=\"1082\" data-op3-attachment-id=\"180\" \/><\/a><\/p>\n<p class=\"weekday\">Monday<\/p>\n<p class=\"month\">January<\/p>\n<p class=\"day\">01<\/p>\n<p class=\"year\">1999<\/p>\n<h2><a style=\"color: #000000;\" href=\"https:\/\/www.upadlosci-dymarczyk.pl\/upadlosci\/kto-moze-oglosic-upadlosc-konsumencka\/\" rel=\"nofollow\">Kto mo\u017ce og\u0142osi\u0107 upad\u0142o\u015b\u0107 konsumenck\u0105? (i kto nie mo\u017ce)<\/a><\/h2>\n<p><a href=\"https:\/\/www.upadlosci-dymarczyk.pl\/upadlosci\/na-czym-polega-upadlosc-konsumencka\/\" target=\"_self\" rel=\"noopener\" data-op-action=\"link\" data-op-popoverlay-trigger=\"none\" data-op-select-funnel-step=\"\" data-op3-smooth-scroll=\"0\"><img decoding=\"async\" title=\"na czym polega upadlosc konsumencka\" src=\"https:\/\/www.upadlosci-dymarczyk.pl\/wp-content\/uploads\/2022\/05\/na-czym-polega-upadlosc-konsumencka.png\" alt=\"\" width=\"1922\" height=\"1082\" data-op3-attachment-id=\"182\" \/><\/a><\/p>\n<p class=\"weekday\">Monday<\/p>\n<p class=\"month\">January<\/p>\n<p class=\"day\">01<\/p>\n<p class=\"year\">1999<\/p>\n<h2><a style=\"color: #000000;\" href=\"https:\/\/www.upadlosci-dymarczyk.pl\/upadlosci\/na-czym-polega-upadlosc-konsumencka\/\">Na czym polega upad\u0142o\u015b\u0107 konsumencka?<\/a><\/h2>\n<p><a href=\"https:\/\/www.upadlosci-dymarczyk.pl\/upadlosci\/jak-oglosic-upadlosc-konsumencka\/\" target=\"_self\" rel=\"noopener\" data-op-action=\"link\" data-op-popoverlay-trigger=\"none\" data-op-select-funnel-step=\"\" data-op3-smooth-scroll=\"0\"><img decoding=\"async\" title=\"Jak og\u0142osi\u0107 upad\u0142o\u015b\u0107 konsumenck\u0105\" src=\"https:\/\/www.upadlosci-dymarczyk.pl\/wp-content\/uploads\/2022\/05\/Jak-oglosic-upadlosc-konsumencka.png\" alt=\"\" width=\"1921\" height=\"1082\" data-op3-attachment-id=\"183\" \/><\/a><\/p>\n<p class=\"weekday\">Monday<\/p>\n<p class=\"month\">January<\/p>\n<p class=\"day\">01<\/p>\n<p class=\"year\">1999<\/p>\n<h2><a style=\"color: #000000;\" href=\"https:\/\/www.upadlosci-dymarczyk.pl\/upadlosci\/jak-oglosic-upadlosc-konsumencka\/\">Jak og\u0142osi\u0107 upad\u0142o\u015b\u0107 konsumenck\u0105?<\/a><\/h2>\n<h2>Kontakt<\/h2>\n<p>Zadzwo\u0144, a podczas kr\u00f3tkiej rozmowy telefonicznej sprawdzimy kiedy mo\u017cesz zacz\u0105\u0107 nowe \u017cycie bez d\u0142ug\u00f3w i dotychczasowych problem\u00f3w.<\/p>\n<h2>Zadzwo\u0144 do nas: <a href=\"Tel: 728 728 169\" rel=\"nofollow\">728 728 169<\/a><\/h2>\n<h2>Poniedzia\u0142ek \u2013 pi\u0105tek 09:00-17:00<\/h2>\n<h2>lub wy\u015blij wiadomo\u015b\u0107.<\/h2>\n<p>Wyra\u017cam zgod\u0119 na przetwarzanie przez Cerberus Sp. z o. o. z siedzib\u0105 przy ul. Grota Roweckiego 14\/17, 58-260 Bielawa NIP: 882-213-93-89, REGON: 520779067 moich danych osobowych wskazanych w niniejszym formularzu, w celach dotycz\u0105cych nawi\u0105zania kontaktu z przedstawicielami Cerberus Sp. z o. o. Zgoda ta mo\u017ce by\u0107 w ka\u017cdej chwili cofni\u0119ta. W tym celu prosimy kontakt mailowy.<a class=\"op3-background-ancestor\" href=\"#\" target=\"_self\" rel=\"noopener\" data-op-action=\"link\" data-op-popoverlay-trigger=\"none\" data-op-select-funnel-step=\"\" data-op-animation-trigger=\"none\" data-op-animation-style=\"\" data-op-animation-loop=\"0\" data-op-timer-minutes=\"0\" data-op-timer-seconds=\"0\" data-op3-smooth-scroll=\"0\" data-op-effect-style=\"\" data-op-effect-style-hover=\"\">Wy\u015blij<\/a><\/p>\n<h2>Nasza kancelaria mie\u015bci si\u0119 w Wa\u0142brzychu pod adresem:<\/h2>\n<h2>Pa\u0142ac Tielschaul. Armii Krajowej 7A58-302 Wa\u0142brzychPi\u0119tro I, lokal numer 16<\/h2>\n<p>Copyright\u00a0\u00a0\u00a9 2022 Cerberus Sp. z o. o. z siedzib\u0105 przy ul. Grota Roweckiego 14\/17, 58-260 Bielawa NIP: 882-213-93-89, REGON: 520779067.\u00a0 Wszelkie prawa zastrze\u017cone<\/p>\n<p><a href=\"https:\/\/www.upadlosci-dymarczyk.pl\/wp-content\/uploads\/2022\/02\/Regulamin.pdf\" target=\"_blank\" rel=\"nofollow noopener\">Regulamin<\/a><\/p>\n<p><a href=\"https:\/\/www.upadlosci-dymarczyk.pl\/wp-content\/uploads\/2022\/02\/Polityka-prywatnosci.pdf\" target=\"_blank\" rel=\"nofollow noopener\">Polityka Prywatno\u015bci<\/a><\/p>\n<p>&nbsp;<\/p>\n","protected":false},"excerpt":{"rendered":"<p>\u00a0728 728 169 Etapy upad\u0142o\u015bciKim jeste\u015bmyBLOGKontakt BLOG &#8211; Dowiedz si\u0119 wi\u0119cej Monday January 01 1999 Kto mo\u017ce og\u0142osi\u0107 upad\u0142o\u015b\u0107 konsumenck\u0105? (i kto nie mo\u017ce) Monday January 01 1999 Na czym polega upad\u0142o\u015b\u0107 konsumencka? Monday January 01 1999 Jak og\u0142osi\u0107 upad\u0142o\u015b\u0107 konsumenck\u0105? Kontakt Zadzwo\u0144, a podczas kr\u00f3tkiej rozmowy telefonicznej sprawdzimy kiedy mo\u017cesz zacz\u0105\u0107 nowe \u017cycie bez [&hellip;]<\/p>\n","protected":false},"author":1,"featured_media":0,"parent":0,"menu_order":0,"comment_status":"closed","ping_status":"closed","template":"op_builder_blank","meta":{"footnotes":""},"class_list":["post-177","page","type-page","status-publish","hentry"],"aioseo_notices":[],"_links":{"self":[{"href":"https:\/\/www.upadlosci-dymarczyk.pl\/upadlosci\/wp-json\/wp\/v2\/pages\/177","targetHints":{"allow":["GET"]}}],"collection":[{"href":"https:\/\/www.upadlosci-dymarczyk.pl\/upadlosci\/wp-json\/wp\/v2\/pages"}],"about":[{"href":"https:\/\/www.upadlosci-dymarczyk.pl\/upadlosci\/wp-json\/wp\/v2\/types\/page"}],"author":[{"embeddable":true,"href":"https:\/\/www.upadlosci-dymarczyk.pl\/upadlosci\/wp-json\/wp\/v2\/users\/1"}],"replies":[{"embeddable":true,"href":"https:\/\/www.upadlosci-dymarczyk.pl\/upadlosci\/wp-json\/wp\/v2\/comments?post=177"}],"version-history":[{"count":0,"href":"https:\/\/www.upadlosci-dymarczyk.pl\/upadlosci\/wp-json\/wp\/v2\/pages\/177\/revisions"}],"wp:attachment":[{"href":"https:\/\/www.upadlosci-dymarczyk.pl\/upadlosci\/wp-json\/wp\/v2\/media?parent=177"}],"curies":[{"name":"wp","href":"https:\/\/api.w.org\/{rel}","templated":true}]}}